{"id":1494,"date":"2014-05-27T10:35:00","date_gmt":"2014-05-27T14:35:00","guid":{"rendered":"https:\/\/reneaguirrephd.com\/es\/?page_id=1494"},"modified":"2022-06-20T17:36:32","modified_gmt":"2022-06-20T21:36:32","slug":"libros","status":"publish","type":"page","link":"https:\/\/reneaguirrephd.com\/es\/libros\/","title":{"rendered":"Libros"},"content":{"rendered":"\t\t<div data-elementor-type=\"wp-page\" data-elementor-id=\"1494\" class=\"elementor elementor-1494\">\n\t\t\t\t\t\t<section class=\"elementor-section elementor-top-section elementor-element elementor-element-ae89d47 elementor-section-boxed elementor-section-height-default elementor-section-height-default\" data-id=\"ae89d47\" data-element_type=\"section\">\n\t\t\t\t\t\t<div class=\"elementor-container elementor-column-gap-default\">\n\t\t\t\t\t<div class=\"elementor-column elementor-col-100 elementor-top-column elementor-element elementor-element-8c0926a\" data-id=\"8c0926a\" data-element_type=\"column\">\n\t\t\t<div class=\"elementor-widget-wrap elementor-element-populated\">\n\t\t\t\t\t\t<div class=\"elementor-element elementor-element-d2604be elementor-widget elementor-widget-heading\" data-id=\"d2604be\" data-element_type=\"widget\" data-widget_type=\"heading.default\">\n\t\t\t\t<div class=\"elementor-widget-container\">\n\t\t\t\t\t<h2 class=\"elementor-heading-title elementor-size-default\">Libros<\/h2>\t\t\t\t<\/div>\n\t\t\t\t<\/div>\n\t\t\t\t\t<\/div>\n\t\t<\/div>\n\t\t\t\t\t<\/div>\n\t\t<\/section>\n\t\t\t\t<section class=\"elementor-section elementor-top-section elementor-element elementor-element-426c0e7 elementor-section-boxed elementor-section-height-default elementor-section-height-default\" data-id=\"426c0e7\" data-element_type=\"section\">\n\t\t\t\t\t\t<div class=\"elementor-container elementor-column-gap-default\">\n\t\t\t\t\t<div class=\"elementor-column elementor-col-100 elementor-top-column elementor-element elementor-element-074f29d\" data-id=\"074f29d\" data-element_type=\"column\">\n\t\t\t<div class=\"elementor-widget-wrap elementor-element-populated\">\n\t\t\t\t\t\t<div class=\"elementor-element elementor-element-06ba448 elementor-grid-2 elementor-grid-tablet-2 elementor-grid-mobile-1 elementor-posts--thumbnail-top elementor-card-shadow-yes elementor-posts__hover-gradient elementor-widget elementor-widget-posts\" data-id=\"06ba448\" data-element_type=\"widget\" data-settings=\"{&quot;cards_columns&quot;:&quot;2&quot;,&quot;pagination_type&quot;:&quot;prev_next&quot;,&quot;cards_columns_tablet&quot;:&quot;2&quot;,&quot;cards_columns_mobile&quot;:&quot;1&quot;,&quot;cards_row_gap&quot;:{&quot;unit&quot;:&quot;px&quot;,&quot;size&quot;:35,&quot;sizes&quot;:[]},&quot;cards_row_gap_tablet&quot;:{&quot;unit&quot;:&quot;px&quot;,&quot;size&quot;:&quot;&quot;,&quot;sizes&quot;:[]},&quot;cards_row_gap_mobile&quot;:{&quot;unit&quot;:&quot;px&quot;,&quot;size&quot;:&quot;&quot;,&quot;sizes&quot;:[]}}\" data-widget_type=\"posts.cards\">\n\t\t\t\t<div class=\"elementor-widget-container\">\n\t\t\t\t\t\t\t<div class=\"elementor-posts-container elementor-posts elementor-posts--skin-cards elementor-grid\">\n\t\t\t\t<article class=\"elementor-post elementor-grid-item post-2208 post type-post status-publish format-standard has-post-thumbnail hentry category-libros\">\n\t\t\t<div class=\"elementor-post__card\">\n\t\t\t\t<a class=\"elementor-post__thumbnail__link\" href=\"https:\/\/reneaguirrephd.com\/es\/2022\/06\/19\/proximamente-dos-nuevos-libros-de-la-serie-gerencial-con-la-editorial-panhouse-evaluando-para-el-exito-y-coaching-ejecutivo\/\" ><div class=\"elementor-post__thumbnail\"><img fetchpriority=\"high\" decoding=\"async\" width=\"1080\" height=\"930\" src=\"https:\/\/reneaguirrephd.com\/es\/wp-content\/uploads\/2022\/06\/WhatsApp-Image-2022-06-19-at-6.00.51-AM.jpeg\" class=\"attachment-full size-full wp-image-2213\" alt=\"\" srcset=\"https:\/\/reneaguirrephd.com\/es\/wp-content\/uploads\/2022\/06\/WhatsApp-Image-2022-06-19-at-6.00.51-AM.jpeg 1080w, https:\/\/reneaguirrephd.com\/es\/wp-content\/uploads\/2022\/06\/WhatsApp-Image-2022-06-19-at-6.00.51-AM-300x258.jpeg 300w, https:\/\/reneaguirrephd.com\/es\/wp-content\/uploads\/2022\/06\/WhatsApp-Image-2022-06-19-at-6.00.51-AM-1024x882.jpeg 1024w, https:\/\/reneaguirrephd.com\/es\/wp-content\/uploads\/2022\/06\/WhatsApp-Image-2022-06-19-at-6.00.51-AM-768x661.jpeg 768w, https:\/\/reneaguirrephd.com\/es\/wp-content\/uploads\/2022\/06\/WhatsApp-Image-2022-06-19-at-6.00.51-AM-70x60.jpeg 70w, https:\/\/reneaguirrephd.com\/es\/wp-content\/uploads\/2022\/06\/WhatsApp-Image-2022-06-19-at-6.00.51-AM-80x68.jpeg 80w\" sizes=\"(max-width: 1080px) 100vw, 1080px\" \/><\/div><\/a>\n\t\t\t\t<div class=\"elementor-post__text\">\n\t\t\t\t<h3 class=\"elementor-post__title\">\n\t\t\t<a href=\"https:\/\/reneaguirrephd.com\/es\/2022\/06\/19\/proximamente-dos-nuevos-libros-de-la-serie-gerencial-con-la-editorial-panhouse-evaluando-para-el-exito-y-coaching-ejecutivo\/\" >\n\t\t\t\tPr\u00f3ximamente dos nuevos libros de la Serie Gerencial con la Editorial PANHOUSE. Evaluando para el \u00c9xito y Coaching Ejecutivo\t\t\t<\/a>\n\t\t<\/h3>\n\t\t\t\t<div class=\"elementor-post__excerpt\">\n\t\t\t<p>Evaluando para el \u00c9xito y Coaching Ejecutivo muy pronto podr\u00e1n disfrutar de dos de nuevos libros de la serie gerencial titulados: Evaluando para el \u00c9xito<\/p>\n\t\t<\/div>\n\t\t\t\t\t<a class=\"elementor-post__read-more\" href=\"https:\/\/reneaguirrephd.com\/es\/2022\/06\/19\/proximamente-dos-nuevos-libros-de-la-serie-gerencial-con-la-editorial-panhouse-evaluando-para-el-exito-y-coaching-ejecutivo\/\" >\n\t\t\t\tLeer M\u00e1s \u00bb\t\t\t<\/a>\n\t\t\t\t<\/div>\n\t\t\t\t<div class=\"elementor-post__meta-data\">\n\t\t\t\t\t<span class=\"elementor-post-date\">\n\t\t\t19 de junio de 2022\t\t<\/span>\n\t\t\t\t<span class=\"elementor-post-avatar\">\n\t\t\tNo hay comentarios\t\t<\/span>\n\t\t\t\t<\/div>\n\t\t\t\t\t<\/div>\n\t\t<\/article>\n\t\t\t\t<article class=\"elementor-post elementor-grid-item post-1506 post type-post status-publish format-standard has-post-thumbnail hentry category-libros\">\n\t\t\t<div class=\"elementor-post__card\">\n\t\t\t\t<a class=\"elementor-post__thumbnail__link\" href=\"https:\/\/reneaguirrephd.com\/es\/2020\/02\/14\/evaluacion-y-certificacion-de-competencias\/\" ><div class=\"elementor-post__thumbnail\"><img decoding=\"async\" width=\"333\" height=\"500\" src=\"https:\/\/reneaguirrephd.com\/es\/wp-content\/uploads\/2022\/05\/B084TV8HWK.01._SCLZZZZZZZ_SX500_.jpg\" class=\"attachment-full size-full wp-image-1508\" alt=\"\" srcset=\"https:\/\/reneaguirrephd.com\/es\/wp-content\/uploads\/2022\/05\/B084TV8HWK.01._SCLZZZZZZZ_SX500_.jpg 333w, https:\/\/reneaguirrephd.com\/es\/wp-content\/uploads\/2022\/05\/B084TV8HWK.01._SCLZZZZZZZ_SX500_-200x300.jpg 200w\" sizes=\"(max-width: 333px) 100vw, 333px\" \/><\/div><\/a>\n\t\t\t\t<div class=\"elementor-post__text\">\n\t\t\t\t<h3 class=\"elementor-post__title\">\n\t\t\t<a href=\"https:\/\/reneaguirrephd.com\/es\/2020\/02\/14\/evaluacion-y-certificacion-de-competencias\/\" >\n\t\t\t\tEvaluaci\u00f3n y Certificaci\u00f3n de Competencias\t\t\t<\/a>\n\t\t<\/h3>\n\t\t\t\t<div class=\"elementor-post__excerpt\">\n\t\t\t<p>Evaluaci\u00f3n y Certificaci\u00f3n de Competencias Considerando que las competencias, como eje modelador del comportamiento del individuo, tanto a nivel personal como profesional, demandan ser reforzadas<\/p>\n\t\t<\/div>\n\t\t\t\t\t<a class=\"elementor-post__read-more\" href=\"https:\/\/reneaguirrephd.com\/es\/2020\/02\/14\/evaluacion-y-certificacion-de-competencias\/\" >\n\t\t\t\tLeer M\u00e1s \u00bb\t\t\t<\/a>\n\t\t\t\t<\/div>\n\t\t\t\t<div class=\"elementor-post__meta-data\">\n\t\t\t\t\t<span class=\"elementor-post-date\">\n\t\t\t14 de febrero de 2020\t\t<\/span>\n\t\t\t\t<span class=\"elementor-post-avatar\">\n\t\t\tNo hay comentarios\t\t<\/span>\n\t\t\t\t<\/div>\n\t\t\t\t\t<\/div>\n\t\t<\/article>\n\t\t\t\t<article class=\"elementor-post elementor-grid-item post-1492 post type-post status-publish format-standard has-post-thumbnail hentry category-libros\">\n\t\t\t<div class=\"elementor-post__card\">\n\t\t\t\t<a class=\"elementor-post__thumbnail__link\" href=\"https:\/\/reneaguirrephd.com\/es\/2019\/09\/09\/la-universidad-autosostenible-desde-la-prospectiva-organizacional\/\" ><div class=\"elementor-post__thumbnail\"><img decoding=\"async\" width=\"333\" height=\"500\" src=\"https:\/\/reneaguirrephd.com\/es\/wp-content\/uploads\/2022\/05\/B07XJTDBCV.01._SCLZZZZZZZ_SX500_.jpg\" class=\"attachment-full size-full wp-image-1502\" alt=\"\" srcset=\"https:\/\/reneaguirrephd.com\/es\/wp-content\/uploads\/2022\/05\/B07XJTDBCV.01._SCLZZZZZZZ_SX500_.jpg 333w, https:\/\/reneaguirrephd.com\/es\/wp-content\/uploads\/2022\/05\/B07XJTDBCV.01._SCLZZZZZZZ_SX500_-200x300.jpg 200w\" sizes=\"(max-width: 333px) 100vw, 333px\" \/><\/div><\/a>\n\t\t\t\t<div class=\"elementor-post__text\">\n\t\t\t\t<h3 class=\"elementor-post__title\">\n\t\t\t<a href=\"https:\/\/reneaguirrephd.com\/es\/2019\/09\/09\/la-universidad-autosostenible-desde-la-prospectiva-organizacional\/\" >\n\t\t\t\tLa Universidad Autosostenible desde la Prospectiva Organizacional\t\t\t<\/a>\n\t\t<\/h3>\n\t\t\t\t<div class=\"elementor-post__excerpt\">\n\t\t\t<p>La Universidad Autosostenible desde la Prospectiva Organizacional Hablar de la universidad autosostenible desde la prospectiva organizacional, es una tarea dif\u00edcil, sobre todo cuando el contexto<\/p>\n\t\t<\/div>\n\t\t\t\t\t<a class=\"elementor-post__read-more\" href=\"https:\/\/reneaguirrephd.com\/es\/2019\/09\/09\/la-universidad-autosostenible-desde-la-prospectiva-organizacional\/\" >\n\t\t\t\tLeer M\u00e1s \u00bb\t\t\t<\/a>\n\t\t\t\t<\/div>\n\t\t\t\t<div class=\"elementor-post__meta-data\">\n\t\t\t\t\t<span class=\"elementor-post-date\">\n\t\t\t9 de septiembre de 2019\t\t<\/span>\n\t\t\t\t<span class=\"elementor-post-avatar\">\n\t\t\tNo hay comentarios\t\t<\/span>\n\t\t\t\t<\/div>\n\t\t\t\t\t<\/div>\n\t\t<\/article>\n\t\t\t\t<article class=\"elementor-post elementor-grid-item post-2300 post type-post status-publish format-standard has-post-thumbnail hentry category-libros\">\n\t\t\t<div class=\"elementor-post__card\">\n\t\t\t\t<a class=\"elementor-post__thumbnail__link\" href=\"https:\/\/reneaguirrephd.com\/es\/2016\/11\/11\/panorama-latinoamericano-perspectivas-desde-la-reflexion-geopolitica\/\" ><div class=\"elementor-post__thumbnail\"><img loading=\"lazy\" decoding=\"async\" width=\"488\" height=\"798\" src=\"https:\/\/reneaguirrephd.com\/es\/wp-content\/uploads\/2016\/11\/Libro3.png\" class=\"attachment-full size-full wp-image-2303\" alt=\"\" srcset=\"https:\/\/reneaguirrephd.com\/es\/wp-content\/uploads\/2016\/11\/Libro3.png 488w, https:\/\/reneaguirrephd.com\/es\/wp-content\/uploads\/2016\/11\/Libro3-183x300.png 183w\" sizes=\"(max-width: 488px) 100vw, 488px\" \/><\/div><\/a>\n\t\t\t\t<div class=\"elementor-post__text\">\n\t\t\t\t<h3 class=\"elementor-post__title\">\n\t\t\t<a href=\"https:\/\/reneaguirrephd.com\/es\/2016\/11\/11\/panorama-latinoamericano-perspectivas-desde-la-reflexion-geopolitica\/\" >\n\t\t\t\tPanorama Latinoamericano, perspectivas desde la reflexi\u00f3n geopol\u00edtica\t\t\t<\/a>\n\t\t<\/h3>\n\t\t\t\t<div class=\"elementor-post__excerpt\">\n\t\t\t<p>Panorama Latinoamericano, perspectivas desde la reflexi\u00f3n geopol\u00edtica Cuando hablamos de \u201cCompetencia\u201d, nos referimos a una serie de caracter\u00edsticas inherentes e intr\u00ednsecamente ligadas a las personas,<\/p>\n\t\t<\/div>\n\t\t\t\t\t<a class=\"elementor-post__read-more\" href=\"https:\/\/reneaguirrephd.com\/es\/2016\/11\/11\/panorama-latinoamericano-perspectivas-desde-la-reflexion-geopolitica\/\" >\n\t\t\t\tLeer M\u00e1s \u00bb\t\t\t<\/a>\n\t\t\t\t<\/div>\n\t\t\t\t<div class=\"elementor-post__meta-data\">\n\t\t\t\t\t<span class=\"elementor-post-date\">\n\t\t\t11 de noviembre de 2016\t\t<\/span>\n\t\t\t\t<span class=\"elementor-post-avatar\">\n\t\t\tNo hay comentarios\t\t<\/span>\n\t\t\t\t<\/div>\n\t\t\t\t\t<\/div>\n\t\t<\/article>\n\t\t\t\t<article class=\"elementor-post elementor-grid-item post-1485 post type-post status-publish format-standard has-post-thumbnail hentry category-libros\">\n\t\t\t<div class=\"elementor-post__card\">\n\t\t\t\t<a class=\"elementor-post__thumbnail__link\" href=\"https:\/\/reneaguirrephd.com\/es\/2015\/04\/22\/competencias-gerenciales-y-gestion-del-conocimiento-redes-de-informacion-en-las-organizaciones-universitarias\/\" ><div class=\"elementor-post__thumbnail\"><img loading=\"lazy\" decoding=\"async\" width=\"907\" height=\"1360\" src=\"https:\/\/reneaguirrephd.com\/es\/wp-content\/uploads\/2022\/05\/717eK0eF-1S.jpg\" class=\"attachment-full size-full wp-image-1488\" alt=\"\" srcset=\"https:\/\/reneaguirrephd.com\/es\/wp-content\/uploads\/2022\/05\/717eK0eF-1S.jpg 907w, https:\/\/reneaguirrephd.com\/es\/wp-content\/uploads\/2022\/05\/717eK0eF-1S-200x300.jpg 200w, https:\/\/reneaguirrephd.com\/es\/wp-content\/uploads\/2022\/05\/717eK0eF-1S-683x1024.jpg 683w, https:\/\/reneaguirrephd.com\/es\/wp-content\/uploads\/2022\/05\/717eK0eF-1S-768x1152.jpg 768w\" sizes=\"(max-width: 907px) 100vw, 907px\" \/><\/div><\/a>\n\t\t\t\t<div class=\"elementor-post__text\">\n\t\t\t\t<h3 class=\"elementor-post__title\">\n\t\t\t<a href=\"https:\/\/reneaguirrephd.com\/es\/2015\/04\/22\/competencias-gerenciales-y-gestion-del-conocimiento-redes-de-informacion-en-las-organizaciones-universitarias\/\" >\n\t\t\t\tCompetencias gerenciales y gesti\u00f3n del conocimiento: Redes de informaci\u00f3n en las organizaciones universitarias\t\t\t<\/a>\n\t\t<\/h3>\n\t\t\t\t<div class=\"elementor-post__excerpt\">\n\t\t\t<p>Competencias gerenciales y gesti\u00f3n del conocimiento: Redes de informaci\u00f3n en las organizaciones universitarias Al hablar de \u201cCompetencia\u201c, hacemos referencia a una serie de caracter\u00edsticas inherentes<\/p>\n\t\t<\/div>\n\t\t\t\t\t<a class=\"elementor-post__read-more\" href=\"https:\/\/reneaguirrephd.com\/es\/2015\/04\/22\/competencias-gerenciales-y-gestion-del-conocimiento-redes-de-informacion-en-las-organizaciones-universitarias\/\" >\n\t\t\t\tLeer M\u00e1s \u00bb\t\t\t<\/a>\n\t\t\t\t<\/div>\n\t\t\t\t<div class=\"elementor-post__meta-data\">\n\t\t\t\t\t<span class=\"elementor-post-date\">\n\t\t\t22 de abril de 2015\t\t<\/span>\n\t\t\t\t<span class=\"elementor-post-avatar\">\n\t\t\tNo hay comentarios\t\t<\/span>\n\t\t\t\t<\/div>\n\t\t\t\t\t<\/div>\n\t\t<\/article>\n\t\t\t\t<article class=\"elementor-post elementor-grid-item post-2320 post type-post status-publish format-standard has-post-thumbnail hentry category-libros\">\n\t\t\t<div class=\"elementor-post__card\">\n\t\t\t\t<a class=\"elementor-post__thumbnail__link\" href=\"https:\/\/reneaguirrephd.com\/es\/2014\/12\/12\/gerente-3-0\/\" ><div class=\"elementor-post__thumbnail\"><img loading=\"lazy\" decoding=\"async\" width=\"531\" height=\"869\" src=\"https:\/\/reneaguirrephd.com\/es\/wp-content\/uploads\/2012\/12\/Libro4.png\" class=\"attachment-full size-full wp-image-2323\" alt=\"\" srcset=\"https:\/\/reneaguirrephd.com\/es\/wp-content\/uploads\/2012\/12\/Libro4.png 531w, https:\/\/reneaguirrephd.com\/es\/wp-content\/uploads\/2012\/12\/Libro4-183x300.png 183w\" sizes=\"(max-width: 531px) 100vw, 531px\" \/><\/div><\/a>\n\t\t\t\t<div class=\"elementor-post__text\">\n\t\t\t\t<h3 class=\"elementor-post__title\">\n\t\t\t<a href=\"https:\/\/reneaguirrephd.com\/es\/2014\/12\/12\/gerente-3-0\/\" >\n\t\t\t\tGerente 3.0\t\t\t<\/a>\n\t\t<\/h3>\n\t\t\t\t<div class=\"elementor-post__excerpt\">\n\t\t\t<p>Gerente 3.0 La din\u00e1mica que la sociedad imprime a sus tejido organizacional de manera global, compromete a los lideres de las organizaciones a la instrumentaci\u00f3n<\/p>\n\t\t<\/div>\n\t\t\t\t\t<a class=\"elementor-post__read-more\" href=\"https:\/\/reneaguirrephd.com\/es\/2014\/12\/12\/gerente-3-0\/\" >\n\t\t\t\tLeer M\u00e1s \u00bb\t\t\t<\/a>\n\t\t\t\t<\/div>\n\t\t\t\t<div class=\"elementor-post__meta-data\">\n\t\t\t\t\t<span class=\"elementor-post-date\">\n\t\t\t12 de diciembre de 2014\t\t<\/span>\n\t\t\t\t<span class=\"elementor-post-avatar\">\n\t\t\tNo hay comentarios\t\t<\/span>\n\t\t\t\t<\/div>\n\t\t\t\t\t<\/div>\n\t\t<\/article>\n\t\t\t\t<\/div>\n\n\n\t\t\n\t\t\t\t<div class=\"e-load-more-anchor\" data-page=\"1\" data-max-page=\"2\" data-next-page=\"https:\/\/reneaguirrephd.com\/es\/wp-json\/wp\/v2\/pages\/1494\/page\/2\/\"><\/div>\n\t\t\t\t<nav class=\"elementor-pagination\" role=\"navigation\" aria-label=\"Pagination\">\n\t\t\t<span class=\"page-numbers prev\">&laquo; Anterior<\/span>\n<a class=\"page-numbers next\" href=\"https:\/\/reneaguirrephd.com\/es\/wp-json\/wp\/v2\/pages\/1494\/page\/2\/\">Siguiente &raquo;<\/a>\t\t<\/nav>\n\t\t\t\t\t\t<\/div>\n\t\t\t\t<\/div>\n\t\t\t\t\t<\/div>\n\t\t<\/div>\n\t\t\t\t\t<\/div>\n\t\t<\/section>\n\t\t\t\t<\/div>\n\t\t","protected":false},"excerpt":{"rendered":"<p>Libros<\/p>\n","protected":false},"author":1,"featured_media":0,"parent":0,"menu_order":0,"comment_status":"closed","ping_status":"closed","template":"","meta":{"footnotes":""},"class_list":["post-1494","page","type-page","status-publish","hentry"],"yoast_head":"<!-- This site is optimized with the Yoast SEO Premium plugin v20.6 (Yoast SEO v25.6) - https:\/\/yoast.com\/wordpress\/plugins\/seo\/ -->\n<title>Libros - Rene Aguirre, PhD<\/title>\n<meta name=\"robots\" content=\"index, follow, max-snippet:-1, max-image-preview:large, max-video-preview:-1\" \/>\n<link rel=\"canonical\" href=\"https:\/\/reneaguirrephd.com\/es\/libros\/\" \/>\n<meta property=\"og:locale\" content=\"es_ES\" \/>\n<meta property=\"og:type\" content=\"article\" \/>\n<meta property=\"og:title\" content=\"Libros\" \/>\n<meta property=\"og:description\" content=\"Libros\" \/>\n<meta property=\"og:url\" content=\"https:\/\/reneaguirrephd.com\/es\/libros\/\" \/>\n<meta property=\"og:site_name\" content=\"Rene Aguirre, PhD\" \/>\n<meta property=\"article:modified_time\" content=\"2022-06-20T21:36:32+00:00\" \/>\n<meta name=\"twitter:card\" content=\"summary_large_image\" \/>\n<script type=\"application\/ld+json\" class=\"yoast-schema-graph\">{\"@context\":\"https:\/\/schema.org\",\"@graph\":[{\"@type\":\"WebPage\",\"@id\":\"https:\/\/reneaguirrephd.com\/es\/libros\/\",\"url\":\"https:\/\/reneaguirrephd.com\/es\/libros\/\",\"name\":\"Libros - Rene Aguirre, PhD\",\"isPartOf\":{\"@id\":\"https:\/\/reneaguirrephd.com\/es\/#website\"},\"datePublished\":\"2014-05-27T14:35:00+00:00\",\"dateModified\":\"2022-06-20T21:36:32+00:00\",\"breadcrumb\":{\"@id\":\"https:\/\/reneaguirrephd.com\/es\/libros\/#breadcrumb\"},\"inLanguage\":\"es\",\"potentialAction\":[{\"@type\":\"ReadAction\",\"target\":[\"https:\/\/reneaguirrephd.com\/es\/libros\/\"]}]},{\"@type\":\"BreadcrumbList\",\"@id\":\"https:\/\/reneaguirrephd.com\/es\/libros\/#breadcrumb\",\"itemListElement\":[{\"@type\":\"ListItem\",\"position\":1,\"name\":\"Portada\",\"item\":\"https:\/\/reneaguirrephd.com\/es\/\"},{\"@type\":\"ListItem\",\"position\":2,\"name\":\"Libros\"}]},{\"@type\":\"WebSite\",\"@id\":\"https:\/\/reneaguirrephd.com\/es\/#website\",\"url\":\"https:\/\/reneaguirrephd.com\/es\/\",\"name\":\"Rene Aguirre, PhD\",\"description\":\"\",\"publisher\":{\"@id\":\"https:\/\/reneaguirrephd.com\/es\/#organization\"},\"potentialAction\":[{\"@type\":\"SearchAction\",\"target\":{\"@type\":\"EntryPoint\",\"urlTemplate\":\"https:\/\/reneaguirrephd.com\/es\/?s={search_term_string}\"},\"query-input\":{\"@type\":\"PropertyValueSpecification\",\"valueRequired\":true,\"valueName\":\"search_term_string\"}}],\"inLanguage\":\"es\"},{\"@type\":\"Organization\",\"@id\":\"https:\/\/reneaguirrephd.com\/es\/#organization\",\"name\":\"Rene Aguirre, PhD\",\"url\":\"https:\/\/reneaguirrephd.com\/es\/\",\"logo\":{\"@type\":\"ImageObject\",\"inLanguage\":\"es\",\"@id\":\"https:\/\/reneaguirrephd.com\/es\/#\/schema\/logo\/image\/\",\"url\":\"https:\/\/reneaguirrephd.com\/es\/wp-content\/uploads\/2022\/01\/logo.png\",\"contentUrl\":\"https:\/\/reneaguirrephd.com\/es\/wp-content\/uploads\/2022\/01\/logo.png\",\"width\":180,\"height\":172,\"caption\":\"Rene Aguirre, PhD\"},\"image\":{\"@id\":\"https:\/\/reneaguirrephd.com\/es\/#\/schema\/logo\/image\/\"}}]}<\/script>\n<!-- \/ Yoast SEO Premium plugin. -->","yoast_head_json":{"title":"Libros - Rene Aguirre, PhD","robots":{"index":"index","follow":"follow","max-snippet":"max-snippet:-1","max-image-preview":"max-image-preview:large","max-video-preview":"max-video-preview:-1"},"canonical":"https:\/\/reneaguirrephd.com\/es\/libros\/","og_locale":"es_ES","og_type":"article","og_title":"Libros","og_description":"Libros","og_url":"https:\/\/reneaguirrephd.com\/es\/libros\/","og_site_name":"Rene Aguirre, PhD","article_modified_time":"2022-06-20T21:36:32+00:00","twitter_card":"summary_large_image","schema":{"@context":"https:\/\/schema.org","@graph":[{"@type":"WebPage","@id":"https:\/\/reneaguirrephd.com\/es\/libros\/","url":"https:\/\/reneaguirrephd.com\/es\/libros\/","name":"Libros - Rene Aguirre, PhD","isPartOf":{"@id":"https:\/\/reneaguirrephd.com\/es\/#website"},"datePublished":"2014-05-27T14:35:00+00:00","dateModified":"2022-06-20T21:36:32+00:00","breadcrumb":{"@id":"https:\/\/reneaguirrephd.com\/es\/libros\/#breadcrumb"},"inLanguage":"es","potentialAction":[{"@type":"ReadAction","target":["https:\/\/reneaguirrephd.com\/es\/libros\/"]}]},{"@type":"BreadcrumbList","@id":"https:\/\/reneaguirrephd.com\/es\/libros\/#breadcrumb","itemListElement":[{"@type":"ListItem","position":1,"name":"Portada","item":"https:\/\/reneaguirrephd.com\/es\/"},{"@type":"ListItem","position":2,"name":"Libros"}]},{"@type":"WebSite","@id":"https:\/\/reneaguirrephd.com\/es\/#website","url":"https:\/\/reneaguirrephd.com\/es\/","name":"Rene Aguirre, PhD","description":"","publisher":{"@id":"https:\/\/reneaguirrephd.com\/es\/#organization"},"potentialAction":[{"@type":"SearchAction","target":{"@type":"EntryPoint","urlTemplate":"https:\/\/reneaguirrephd.com\/es\/?s={search_term_string}"},"query-input":{"@type":"PropertyValueSpecification","valueRequired":true,"valueName":"search_term_string"}}],"inLanguage":"es"},{"@type":"Organization","@id":"https:\/\/reneaguirrephd.com\/es\/#organization","name":"Rene Aguirre, PhD","url":"https:\/\/reneaguirrephd.com\/es\/","logo":{"@type":"ImageObject","inLanguage":"es","@id":"https:\/\/reneaguirrephd.com\/es\/#\/schema\/logo\/image\/","url":"https:\/\/reneaguirrephd.com\/es\/wp-content\/uploads\/2022\/01\/logo.png","contentUrl":"https:\/\/reneaguirrephd.com\/es\/wp-content\/uploads\/2022\/01\/logo.png","width":180,"height":172,"caption":"Rene Aguirre, PhD"},"image":{"@id":"https:\/\/reneaguirrephd.com\/es\/#\/schema\/logo\/image\/"}}]}},"_links":{"self":[{"href":"https:\/\/reneaguirrephd.com\/es\/wp-json\/wp\/v2\/pages\/1494","targetHints":{"allow":["GET"]}}],"collection":[{"href":"https:\/\/reneaguirrephd.com\/es\/wp-json\/wp\/v2\/pages"}],"about":[{"href":"https:\/\/reneaguirrephd.com\/es\/wp-json\/wp\/v2\/types\/page"}],"author":[{"embeddable":true,"href":"https:\/\/reneaguirrephd.com\/es\/wp-json\/wp\/v2\/users\/1"}],"replies":[{"embeddable":true,"href":"https:\/\/reneaguirrephd.com\/es\/wp-json\/wp\/v2\/comments?post=1494"}],"version-history":[{"count":5,"href":"https:\/\/reneaguirrephd.com\/es\/wp-json\/wp\/v2\/pages\/1494\/revisions"}],"predecessor-version":[{"id":2331,"href":"https:\/\/reneaguirrephd.com\/es\/wp-json\/wp\/v2\/pages\/1494\/revisions\/2331"}],"wp:attachment":[{"href":"https:\/\/reneaguirrephd.com\/es\/wp-json\/wp\/v2\/media?parent=1494"}],"curies":[{"name":"wp","href":"https:\/\/api.w.org\/{rel}","templated":true}]}}