{"id":1453,"date":"2022-05-26T21:38:11","date_gmt":"2022-05-27T01:38:11","guid":{"rendered":"https:\/\/reneaguirrephd.com\/es\/?page_id=1453"},"modified":"2022-06-21T00:06:11","modified_gmt":"2022-06-21T04:06:11","slug":"articulos-cientificos","status":"publish","type":"page","link":"https:\/\/reneaguirrephd.com\/es\/articulos-cientificos\/","title":{"rendered":"Art\u00edculos Cient\u00edficos"},"content":{"rendered":"\t\t<div data-elementor-type=\"wp-page\" data-elementor-id=\"1453\" class=\"elementor elementor-1453\">\n\t\t\t\t\t\t<section class=\"elementor-section elementor-top-section elementor-element elementor-element-40413aa elementor-section-boxed elementor-section-height-default elementor-section-height-default\" data-id=\"40413aa\" data-element_type=\"section\">\n\t\t\t\t\t\t<div class=\"elementor-container elementor-column-gap-default\">\n\t\t\t\t\t<div class=\"elementor-column elementor-col-100 elementor-top-column elementor-element elementor-element-804dbeb\" data-id=\"804dbeb\" data-element_type=\"column\">\n\t\t\t<div class=\"elementor-widget-wrap elementor-element-populated\">\n\t\t\t\t\t\t<div class=\"elementor-element elementor-element-f72d3dc elementor-widget elementor-widget-heading\" data-id=\"f72d3dc\" data-element_type=\"widget\" data-widget_type=\"heading.default\">\n\t\t\t\t<div class=\"elementor-widget-container\">\n\t\t\t\t\t<h2 class=\"elementor-heading-title elementor-size-default\">Art\u00edculos Cient\u00edficos<\/h2>\t\t\t\t<\/div>\n\t\t\t\t<\/div>\n\t\t\t\t\t<\/div>\n\t\t<\/div>\n\t\t\t\t\t<\/div>\n\t\t<\/section>\n\t\t\t\t<section class=\"elementor-section elementor-top-section elementor-element elementor-element-dc819fe elementor-section-boxed elementor-section-height-default elementor-section-height-default\" data-id=\"dc819fe\" data-element_type=\"section\">\n\t\t\t\t\t\t<div class=\"elementor-container elementor-column-gap-default\">\n\t\t\t\t\t<div class=\"elementor-column elementor-col-100 elementor-top-column elementor-element elementor-element-f521db0\" data-id=\"f521db0\" data-element_type=\"column\">\n\t\t\t<div class=\"elementor-widget-wrap elementor-element-populated\">\n\t\t\t\t\t\t<div class=\"elementor-element elementor-element-16124a7 elementor-grid-2 elementor-grid-tablet-2 elementor-grid-mobile-1 elementor-posts--thumbnail-top elementor-card-shadow-yes elementor-posts__hover-gradient elementor-widget elementor-widget-posts\" data-id=\"16124a7\" data-element_type=\"widget\" data-settings=\"{&quot;cards_columns&quot;:&quot;2&quot;,&quot;pagination_type&quot;:&quot;numbers_and_prev_next&quot;,&quot;cards_columns_tablet&quot;:&quot;2&quot;,&quot;cards_columns_mobile&quot;:&quot;1&quot;,&quot;cards_row_gap&quot;:{&quot;unit&quot;:&quot;px&quot;,&quot;size&quot;:35,&quot;sizes&quot;:[]},&quot;cards_row_gap_tablet&quot;:{&quot;unit&quot;:&quot;px&quot;,&quot;size&quot;:&quot;&quot;,&quot;sizes&quot;:[]},&quot;cards_row_gap_mobile&quot;:{&quot;unit&quot;:&quot;px&quot;,&quot;size&quot;:&quot;&quot;,&quot;sizes&quot;:[]}}\" data-widget_type=\"posts.cards\">\n\t\t\t\t<div class=\"elementor-widget-container\">\n\t\t\t\t\t\t\t<div class=\"elementor-posts-container elementor-posts elementor-posts--skin-cards elementor-grid\">\n\t\t\t\t<article class=\"elementor-post elementor-grid-item post-2466 post type-post status-publish format-standard has-post-thumbnail hentry category-articulos-cientificos\">\n\t\t\t<div class=\"elementor-post__card\">\n\t\t\t\t<a class=\"elementor-post__thumbnail__link\" href=\"https:\/\/reneaguirrephd.com\/es\/2022\/05\/02\/hablemos-de-propiedad-intelectualque-reglas-aplican-cuando-se-tratade-contenidos-educativos\/\" ><div class=\"elementor-post__thumbnail\"><img fetchpriority=\"high\" decoding=\"async\" width=\"2048\" height=\"1192\" src=\"https:\/\/reneaguirrephd.com\/es\/wp-content\/uploads\/2022\/05\/Foto-01-2048x1192-1.jpg\" class=\"attachment-full size-full wp-image-2468\" alt=\"\" srcset=\"https:\/\/reneaguirrephd.com\/es\/wp-content\/uploads\/2022\/05\/Foto-01-2048x1192-1.jpg 2048w, https:\/\/reneaguirrephd.com\/es\/wp-content\/uploads\/2022\/05\/Foto-01-2048x1192-1-300x175.jpg 300w, https:\/\/reneaguirrephd.com\/es\/wp-content\/uploads\/2022\/05\/Foto-01-2048x1192-1-1024x596.jpg 1024w, https:\/\/reneaguirrephd.com\/es\/wp-content\/uploads\/2022\/05\/Foto-01-2048x1192-1-768x447.jpg 768w, https:\/\/reneaguirrephd.com\/es\/wp-content\/uploads\/2022\/05\/Foto-01-2048x1192-1-1536x894.jpg 1536w\" sizes=\"(max-width: 2048px) 100vw, 2048px\" \/><\/div><\/a>\n\t\t\t\t<div class=\"elementor-post__text\">\n\t\t\t\t<h3 class=\"elementor-post__title\">\n\t\t\t<a href=\"https:\/\/reneaguirrephd.com\/es\/2022\/05\/02\/hablemos-de-propiedad-intelectualque-reglas-aplican-cuando-se-tratade-contenidos-educativos\/\" >\n\t\t\t\tHablemos de propiedad intelectual: \u00bfqu\u00e9 reglas aplican cuando se trata de contenidos educativos?\t\t\t<\/a>\n\t\t<\/h3>\n\t\t\t\t<div class=\"elementor-post__excerpt\">\n\t\t\t<p>Hablemos de propiedad intelectual: \u00bfqu\u00e9 reglas aplican cuando se trata de contenidos educativos? El organismo que regula las pautas en torno a los derechos de<\/p>\n\t\t<\/div>\n\t\t\t\t\t<a class=\"elementor-post__read-more\" href=\"https:\/\/reneaguirrephd.com\/es\/2022\/05\/02\/hablemos-de-propiedad-intelectualque-reglas-aplican-cuando-se-tratade-contenidos-educativos\/\" >\n\t\t\t\tLeer M\u00e1s \u00bb\t\t\t<\/a>\n\t\t\t\t<\/div>\n\t\t\t\t<div class=\"elementor-post__meta-data\">\n\t\t\t\t\t<span class=\"elementor-post-date\">\n\t\t\t2 de mayo de 2022\t\t<\/span>\n\t\t\t\t<span class=\"elementor-post-avatar\">\n\t\t\tNo hay comentarios\t\t<\/span>\n\t\t\t\t<\/div>\n\t\t\t\t\t<\/div>\n\t\t<\/article>\n\t\t\t\t<article class=\"elementor-post elementor-grid-item post-1396 post type-post status-publish format-standard has-post-thumbnail hentry category-articulos-cientificos\">\n\t\t\t<div class=\"elementor-post__card\">\n\t\t\t\t<a class=\"elementor-post__thumbnail__link\" href=\"https:\/\/reneaguirrephd.com\/es\/2021\/01\/06\/educacion-superior-desarrollo-y-sociedad-retos-en-la-globalizacion\/\" ><div class=\"elementor-post__thumbnail\"><img decoding=\"async\" width=\"1296\" height=\"1709\" src=\"https:\/\/reneaguirrephd.com\/es\/wp-content\/uploads\/2022\/05\/cover_issue_16_es_ES.jpg\" class=\"attachment-full size-full wp-image-1398\" alt=\"\" srcset=\"https:\/\/reneaguirrephd.com\/es\/wp-content\/uploads\/2022\/05\/cover_issue_16_es_ES.jpg 1296w, https:\/\/reneaguirrephd.com\/es\/wp-content\/uploads\/2022\/05\/cover_issue_16_es_ES-228x300.jpg 228w, https:\/\/reneaguirrephd.com\/es\/wp-content\/uploads\/2022\/05\/cover_issue_16_es_ES-777x1024.jpg 777w, https:\/\/reneaguirrephd.com\/es\/wp-content\/uploads\/2022\/05\/cover_issue_16_es_ES-768x1013.jpg 768w, https:\/\/reneaguirrephd.com\/es\/wp-content\/uploads\/2022\/05\/cover_issue_16_es_ES-1165x1536.jpg 1165w\" sizes=\"(max-width: 1296px) 100vw, 1296px\" \/><\/div><\/a>\n\t\t\t\t<div class=\"elementor-post__text\">\n\t\t\t\t<h3 class=\"elementor-post__title\">\n\t\t\t<a href=\"https:\/\/reneaguirrephd.com\/es\/2021\/01\/06\/educacion-superior-desarrollo-y-sociedad-retos-en-la-globalizacion\/\" >\n\t\t\t\tEducaci\u00f3n superior, desarrollo y sociedad: Retos en la globalizaci\u00f3n\t\t\t<\/a>\n\t\t<\/h3>\n\t\t\t\t<div class=\"elementor-post__excerpt\">\n\t\t\t<p>Educaci\u00f3n superior, desarrollo y sociedad: Retos en la globalizaci\u00f3n En este art\u00edculo se aborda la problem\u00e1tica de la educaci\u00f3n en Am\u00e9rica Latina y el Caribe,<\/p>\n\t\t<\/div>\n\t\t\t\t\t<a class=\"elementor-post__read-more\" href=\"https:\/\/reneaguirrephd.com\/es\/2021\/01\/06\/educacion-superior-desarrollo-y-sociedad-retos-en-la-globalizacion\/\" >\n\t\t\t\tLeer M\u00e1s \u00bb\t\t\t<\/a>\n\t\t\t\t<\/div>\n\t\t\t\t<div class=\"elementor-post__meta-data\">\n\t\t\t\t\t<span class=\"elementor-post-date\">\n\t\t\t6 de enero de 2021\t\t<\/span>\n\t\t\t\t<span class=\"elementor-post-avatar\">\n\t\t\tNo hay comentarios\t\t<\/span>\n\t\t\t\t<\/div>\n\t\t\t\t\t<\/div>\n\t\t<\/article>\n\t\t\t\t<article class=\"elementor-post elementor-grid-item post-1384 post type-post status-publish format-standard has-post-thumbnail hentry category-articulos-cientificos\">\n\t\t\t<div class=\"elementor-post__card\">\n\t\t\t\t<a class=\"elementor-post__thumbnail__link\" href=\"https:\/\/reneaguirrephd.com\/es\/2020\/09\/01\/contabilidad-de-costos-en-organizaciones-empresariales\/\" ><div class=\"elementor-post__thumbnail\"><img decoding=\"async\" width=\"1296\" height=\"1709\" src=\"https:\/\/reneaguirrephd.com\/es\/wp-content\/uploads\/2022\/05\/cover_issue_11_en_US.jpg\" class=\"attachment-full size-full wp-image-1386\" alt=\"\" srcset=\"https:\/\/reneaguirrephd.com\/es\/wp-content\/uploads\/2022\/05\/cover_issue_11_en_US.jpg 1296w, https:\/\/reneaguirrephd.com\/es\/wp-content\/uploads\/2022\/05\/cover_issue_11_en_US-228x300.jpg 228w, https:\/\/reneaguirrephd.com\/es\/wp-content\/uploads\/2022\/05\/cover_issue_11_en_US-777x1024.jpg 777w, https:\/\/reneaguirrephd.com\/es\/wp-content\/uploads\/2022\/05\/cover_issue_11_en_US-768x1013.jpg 768w, https:\/\/reneaguirrephd.com\/es\/wp-content\/uploads\/2022\/05\/cover_issue_11_en_US-1165x1536.jpg 1165w\" sizes=\"(max-width: 1296px) 100vw, 1296px\" \/><\/div><\/a>\n\t\t\t\t<div class=\"elementor-post__text\">\n\t\t\t\t<h3 class=\"elementor-post__title\">\n\t\t\t<a href=\"https:\/\/reneaguirrephd.com\/es\/2020\/09\/01\/contabilidad-de-costos-en-organizaciones-empresariales\/\" >\n\t\t\t\tContabilidad de costos en organizaciones empresariales\t\t\t<\/a>\n\t\t<\/h3>\n\t\t\t\t<div class=\"elementor-post__excerpt\">\n\t\t\t<p>Contabilidad de costos en organizaciones empresariales Iniciando la tem\u00e1tica planteada como punto central de esta edici\u00f3n, se esgrimen los criterios sostenidos por Fern\u00e1ndez (2000) citado<\/p>\n\t\t<\/div>\n\t\t\t\t\t<a class=\"elementor-post__read-more\" href=\"https:\/\/reneaguirrephd.com\/es\/2020\/09\/01\/contabilidad-de-costos-en-organizaciones-empresariales\/\" >\n\t\t\t\tLeer M\u00e1s \u00bb\t\t\t<\/a>\n\t\t\t\t<\/div>\n\t\t\t\t<div class=\"elementor-post__meta-data\">\n\t\t\t\t\t<span class=\"elementor-post-date\">\n\t\t\t1 de septiembre de 2020\t\t<\/span>\n\t\t\t\t<span class=\"elementor-post-avatar\">\n\t\t\tNo hay comentarios\t\t<\/span>\n\t\t\t\t<\/div>\n\t\t\t\t\t<\/div>\n\t\t<\/article>\n\t\t\t\t<article class=\"elementor-post elementor-grid-item post-1405 post type-post status-publish format-standard has-post-thumbnail hentry category-articulos-cientificos\">\n\t\t\t<div class=\"elementor-post__card\">\n\t\t\t\t<a class=\"elementor-post__thumbnail__link\" href=\"https:\/\/reneaguirrephd.com\/es\/2019\/05\/07\/la-innovacion-sostenible-en-las-organizaciones-universitarias\/\" ><div class=\"elementor-post__thumbnail\"><img loading=\"lazy\" decoding=\"async\" width=\"1296\" height=\"1709\" src=\"https:\/\/reneaguirrephd.com\/es\/wp-content\/uploads\/2022\/05\/cover_issue_6_en_US.jpg\" class=\"attachment-full size-full wp-image-1407\" alt=\"\" srcset=\"https:\/\/reneaguirrephd.com\/es\/wp-content\/uploads\/2022\/05\/cover_issue_6_en_US.jpg 1296w, https:\/\/reneaguirrephd.com\/es\/wp-content\/uploads\/2022\/05\/cover_issue_6_en_US-228x300.jpg 228w, https:\/\/reneaguirrephd.com\/es\/wp-content\/uploads\/2022\/05\/cover_issue_6_en_US-777x1024.jpg 777w, https:\/\/reneaguirrephd.com\/es\/wp-content\/uploads\/2022\/05\/cover_issue_6_en_US-768x1013.jpg 768w, https:\/\/reneaguirrephd.com\/es\/wp-content\/uploads\/2022\/05\/cover_issue_6_en_US-1165x1536.jpg 1165w\" sizes=\"(max-width: 1296px) 100vw, 1296px\" \/><\/div><\/a>\n\t\t\t\t<div class=\"elementor-post__text\">\n\t\t\t\t<h3 class=\"elementor-post__title\">\n\t\t\t<a href=\"https:\/\/reneaguirrephd.com\/es\/2019\/05\/07\/la-innovacion-sostenible-en-las-organizaciones-universitarias\/\" >\n\t\t\t\tLa innovaci\u00f3n sostenible en las organizaciones universitarias\t\t\t<\/a>\n\t\t<\/h3>\n\t\t\t\t<div class=\"elementor-post__excerpt\">\n\t\t\t<p>La innovaci\u00f3n sostenible en las organizaciones universitarias El objetivo de este trabajo fue analizar la innovaci\u00f3n sostenible en las organizaciones universitarias. De tipo anal\u00edtico explicativo<\/p>\n\t\t<\/div>\n\t\t\t\t\t<a class=\"elementor-post__read-more\" href=\"https:\/\/reneaguirrephd.com\/es\/2019\/05\/07\/la-innovacion-sostenible-en-las-organizaciones-universitarias\/\" >\n\t\t\t\tLeer M\u00e1s \u00bb\t\t\t<\/a>\n\t\t\t\t<\/div>\n\t\t\t\t<div class=\"elementor-post__meta-data\">\n\t\t\t\t\t<span class=\"elementor-post-date\">\n\t\t\t7 de mayo de 2019\t\t<\/span>\n\t\t\t\t<span class=\"elementor-post-avatar\">\n\t\t\tNo hay comentarios\t\t<\/span>\n\t\t\t\t<\/div>\n\t\t\t\t\t<\/div>\n\t\t<\/article>\n\t\t\t\t<article class=\"elementor-post elementor-grid-item post-1414 post type-post status-publish format-standard has-post-thumbnail hentry category-articulos-cientificos\">\n\t\t\t<div class=\"elementor-post__card\">\n\t\t\t\t<a class=\"elementor-post__thumbnail__link\" href=\"https:\/\/reneaguirrephd.com\/es\/2018\/09\/10\/activacion-neuronal-como-herramienta-potenciadora-de-liderazgo-en-organizaciones-universitarias\/\" ><div class=\"elementor-post__thumbnail\"><img loading=\"lazy\" decoding=\"async\" width=\"1296\" height=\"1709\" src=\"https:\/\/reneaguirrephd.com\/es\/wp-content\/uploads\/2022\/05\/cover_issue_1_en_US.jpg\" class=\"attachment-full size-full wp-image-1416\" alt=\"\" srcset=\"https:\/\/reneaguirrephd.com\/es\/wp-content\/uploads\/2022\/05\/cover_issue_1_en_US.jpg 1296w, https:\/\/reneaguirrephd.com\/es\/wp-content\/uploads\/2022\/05\/cover_issue_1_en_US-228x300.jpg 228w, https:\/\/reneaguirrephd.com\/es\/wp-content\/uploads\/2022\/05\/cover_issue_1_en_US-777x1024.jpg 777w, https:\/\/reneaguirrephd.com\/es\/wp-content\/uploads\/2022\/05\/cover_issue_1_en_US-768x1013.jpg 768w, https:\/\/reneaguirrephd.com\/es\/wp-content\/uploads\/2022\/05\/cover_issue_1_en_US-1165x1536.jpg 1165w\" sizes=\"(max-width: 1296px) 100vw, 1296px\" \/><\/div><\/a>\n\t\t\t\t<div class=\"elementor-post__text\">\n\t\t\t\t<h3 class=\"elementor-post__title\">\n\t\t\t<a href=\"https:\/\/reneaguirrephd.com\/es\/2018\/09\/10\/activacion-neuronal-como-herramienta-potenciadora-de-liderazgo-en-organizaciones-universitarias\/\" >\n\t\t\t\tActivaci\u00f3n neuronal como herramienta potenciadora de liderazgo en organizaciones universitarias\t\t\t<\/a>\n\t\t<\/h3>\n\t\t\t\t<div class=\"elementor-post__excerpt\">\n\t\t\t<p>Activaci\u00f3n neuronal como herramienta potenciadora de liderazgo en organizaciones universitarias El trabajo tiene como objetivo analizar la activaci\u00f3n neuronal como herramienta potenciadora de liderazgo en<\/p>\n\t\t<\/div>\n\t\t\t\t\t<a class=\"elementor-post__read-more\" href=\"https:\/\/reneaguirrephd.com\/es\/2018\/09\/10\/activacion-neuronal-como-herramienta-potenciadora-de-liderazgo-en-organizaciones-universitarias\/\" >\n\t\t\t\tLeer M\u00e1s \u00bb\t\t\t<\/a>\n\t\t\t\t<\/div>\n\t\t\t\t<div class=\"elementor-post__meta-data\">\n\t\t\t\t\t<span class=\"elementor-post-date\">\n\t\t\t10 de septiembre de 2018\t\t<\/span>\n\t\t\t\t<span class=\"elementor-post-avatar\">\n\t\t\tNo hay comentarios\t\t<\/span>\n\t\t\t\t<\/div>\n\t\t\t\t\t<\/div>\n\t\t<\/article>\n\t\t\t\t<article class=\"elementor-post elementor-grid-item post-1378 post type-post status-publish format-standard has-post-thumbnail hentry category-articulos-cientificos\">\n\t\t\t<div class=\"elementor-post__card\">\n\t\t\t\t<a class=\"elementor-post__thumbnail__link\" href=\"https:\/\/reneaguirrephd.com\/es\/2018\/09\/05\/perspectivas-de-la-economia-gerencial-en-el-contexto-global\/\" ><div class=\"elementor-post__thumbnail\"><img loading=\"lazy\" decoding=\"async\" width=\"1296\" height=\"1709\" src=\"https:\/\/reneaguirrephd.com\/es\/wp-content\/uploads\/2022\/05\/cover_issue_2_en_US.jpg\" class=\"attachment-full size-full wp-image-1379\" alt=\"\" srcset=\"https:\/\/reneaguirrephd.com\/es\/wp-content\/uploads\/2022\/05\/cover_issue_2_en_US.jpg 1296w, https:\/\/reneaguirrephd.com\/es\/wp-content\/uploads\/2022\/05\/cover_issue_2_en_US-228x300.jpg 228w, https:\/\/reneaguirrephd.com\/es\/wp-content\/uploads\/2022\/05\/cover_issue_2_en_US-777x1024.jpg 777w, https:\/\/reneaguirrephd.com\/es\/wp-content\/uploads\/2022\/05\/cover_issue_2_en_US-768x1013.jpg 768w, https:\/\/reneaguirrephd.com\/es\/wp-content\/uploads\/2022\/05\/cover_issue_2_en_US-1165x1536.jpg 1165w\" sizes=\"(max-width: 1296px) 100vw, 1296px\" \/><\/div><\/a>\n\t\t\t\t<div class=\"elementor-post__text\">\n\t\t\t\t<h3 class=\"elementor-post__title\">\n\t\t\t<a href=\"https:\/\/reneaguirrephd.com\/es\/2018\/09\/05\/perspectivas-de-la-economia-gerencial-en-el-contexto-global\/\" >\n\t\t\t\tPerspectivas de la econom\u00eda gerencial en el contexto global\t\t\t<\/a>\n\t\t<\/h3>\n\t\t\t\t<div class=\"elementor-post__excerpt\">\n\t\t\t<p>Perspectivas de la econom\u00eda gerencial en el contexto global El art\u00edculo tiene como prop\u00f3sito examinar a trav\u00e9s de un an\u00e1lisis las perspectivas de la econom\u00eda<\/p>\n\t\t<\/div>\n\t\t\t\t\t<a class=\"elementor-post__read-more\" href=\"https:\/\/reneaguirrephd.com\/es\/2018\/09\/05\/perspectivas-de-la-economia-gerencial-en-el-contexto-global\/\" >\n\t\t\t\tLeer M\u00e1s \u00bb\t\t\t<\/a>\n\t\t\t\t<\/div>\n\t\t\t\t<div class=\"elementor-post__meta-data\">\n\t\t\t\t\t<span class=\"elementor-post-date\">\n\t\t\t5 de septiembre de 2018\t\t<\/span>\n\t\t\t\t<span class=\"elementor-post-avatar\">\n\t\t\tNo hay comentarios\t\t<\/span>\n\t\t\t\t<\/div>\n\t\t\t\t\t<\/div>\n\t\t<\/article>\n\t\t\t\t<\/div>\n\n\n\t\t\n\t\t\t\t<div class=\"e-load-more-anchor\" data-page=\"1\" data-max-page=\"3\" data-next-page=\"https:\/\/reneaguirrephd.com\/es\/wp-json\/wp\/v2\/pages\/1453\/page\/2\/\"><\/div>\n\t\t\t\t<nav class=\"elementor-pagination\" role=\"navigation\" aria-label=\"Pagination\">\n\t\t\t<span class=\"page-numbers prev\">&laquo; Anterior<\/span>\n<span aria-current=\"page\" class=\"page-numbers current\"><span class=\"elementor-screen-only\">Page<\/span>1<\/span>\n<a class=\"page-numbers\" href=\"https:\/\/reneaguirrephd.com\/es\/wp-json\/wp\/v2\/pages\/1453\/page\/2\/\"><span class=\"elementor-screen-only\">Page<\/span>2<\/a>\n<a class=\"page-numbers\" href=\"https:\/\/reneaguirrephd.com\/es\/wp-json\/wp\/v2\/pages\/1453\/page\/3\/\"><span class=\"elementor-screen-only\">Page<\/span>3<\/a>\n<a class=\"page-numbers next\" href=\"https:\/\/reneaguirrephd.com\/es\/wp-json\/wp\/v2\/pages\/1453\/page\/2\/\">Siguiente &raquo;<\/a>\t\t<\/nav>\n\t\t\t\t\t\t<\/div>\n\t\t\t\t<\/div>\n\t\t\t\t\t<\/div>\n\t\t<\/div>\n\t\t\t\t\t<\/div>\n\t\t<\/section>\n\t\t\t\t<\/div>\n\t\t","protected":false},"excerpt":{"rendered":"<p>Art\u00edculos Cient\u00edficos<\/p>\n","protected":false},"author":1,"featured_media":0,"parent":0,"menu_order":0,"comment_status":"closed","ping_status":"closed","template":"","meta":{"footnotes":""},"class_list":["post-1453","page","type-page","status-publish","hentry"],"yoast_head":"<!-- This site is optimized with the Yoast SEO Premium plugin v20.6 (Yoast SEO v25.6) - https:\/\/yoast.com\/wordpress\/plugins\/seo\/ -->\n<title>Art\u00edculos Cient\u00edficos - Rene Aguirre, PhD<\/title>\n<meta name=\"robots\" content=\"index, follow, max-snippet:-1, max-image-preview:large, max-video-preview:-1\" \/>\n<link rel=\"canonical\" href=\"https:\/\/reneaguirrephd.com\/es\/articulos-cientificos\/\" \/>\n<meta property=\"og:locale\" content=\"es_ES\" \/>\n<meta property=\"og:type\" content=\"article\" \/>\n<meta property=\"og:title\" content=\"Art\u00edculos Cient\u00edficos\" \/>\n<meta property=\"og:description\" content=\"Art\u00edculos Cient\u00edficos\" \/>\n<meta property=\"og:url\" content=\"https:\/\/reneaguirrephd.com\/es\/articulos-cientificos\/\" \/>\n<meta property=\"og:site_name\" content=\"Rene Aguirre, PhD\" \/>\n<meta property=\"article:modified_time\" content=\"2022-06-21T04:06:11+00:00\" \/>\n<meta name=\"twitter:card\" content=\"summary_large_image\" \/>\n<script type=\"application\/ld+json\" class=\"yoast-schema-graph\">{\"@context\":\"https:\/\/schema.org\",\"@graph\":[{\"@type\":\"WebPage\",\"@id\":\"https:\/\/reneaguirrephd.com\/es\/articulos-cientificos\/\",\"url\":\"https:\/\/reneaguirrephd.com\/es\/articulos-cientificos\/\",\"name\":\"Art\u00edculos Cient\u00edficos - Rene Aguirre, PhD\",\"isPartOf\":{\"@id\":\"https:\/\/reneaguirrephd.com\/es\/#website\"},\"datePublished\":\"2022-05-27T01:38:11+00:00\",\"dateModified\":\"2022-06-21T04:06:11+00:00\",\"breadcrumb\":{\"@id\":\"https:\/\/reneaguirrephd.com\/es\/articulos-cientificos\/#breadcrumb\"},\"inLanguage\":\"es\",\"potentialAction\":[{\"@type\":\"ReadAction\",\"target\":[\"https:\/\/reneaguirrephd.com\/es\/articulos-cientificos\/\"]}]},{\"@type\":\"BreadcrumbList\",\"@id\":\"https:\/\/reneaguirrephd.com\/es\/articulos-cientificos\/#breadcrumb\",\"itemListElement\":[{\"@type\":\"ListItem\",\"position\":1,\"name\":\"Portada\",\"item\":\"https:\/\/reneaguirrephd.com\/es\/\"},{\"@type\":\"ListItem\",\"position\":2,\"name\":\"Art\u00edculos Cient\u00edficos\"}]},{\"@type\":\"WebSite\",\"@id\":\"https:\/\/reneaguirrephd.com\/es\/#website\",\"url\":\"https:\/\/reneaguirrephd.com\/es\/\",\"name\":\"Rene Aguirre, PhD\",\"description\":\"\",\"publisher\":{\"@id\":\"https:\/\/reneaguirrephd.com\/es\/#organization\"},\"potentialAction\":[{\"@type\":\"SearchAction\",\"target\":{\"@type\":\"EntryPoint\",\"urlTemplate\":\"https:\/\/reneaguirrephd.com\/es\/?s={search_term_string}\"},\"query-input\":{\"@type\":\"PropertyValueSpecification\",\"valueRequired\":true,\"valueName\":\"search_term_string\"}}],\"inLanguage\":\"es\"},{\"@type\":\"Organization\",\"@id\":\"https:\/\/reneaguirrephd.com\/es\/#organization\",\"name\":\"Rene Aguirre, PhD\",\"url\":\"https:\/\/reneaguirrephd.com\/es\/\",\"logo\":{\"@type\":\"ImageObject\",\"inLanguage\":\"es\",\"@id\":\"https:\/\/reneaguirrephd.com\/es\/#\/schema\/logo\/image\/\",\"url\":\"https:\/\/reneaguirrephd.com\/es\/wp-content\/uploads\/2022\/01\/logo.png\",\"contentUrl\":\"https:\/\/reneaguirrephd.com\/es\/wp-content\/uploads\/2022\/01\/logo.png\",\"width\":180,\"height\":172,\"caption\":\"Rene Aguirre, PhD\"},\"image\":{\"@id\":\"https:\/\/reneaguirrephd.com\/es\/#\/schema\/logo\/image\/\"}}]}<\/script>\n<!-- \/ Yoast SEO Premium plugin. -->","yoast_head_json":{"title":"Art\u00edculos Cient\u00edficos - Rene Aguirre, PhD","robots":{"index":"index","follow":"follow","max-snippet":"max-snippet:-1","max-image-preview":"max-image-preview:large","max-video-preview":"max-video-preview:-1"},"canonical":"https:\/\/reneaguirrephd.com\/es\/articulos-cientificos\/","og_locale":"es_ES","og_type":"article","og_title":"Art\u00edculos Cient\u00edficos","og_description":"Art\u00edculos Cient\u00edficos","og_url":"https:\/\/reneaguirrephd.com\/es\/articulos-cientificos\/","og_site_name":"Rene Aguirre, PhD","article_modified_time":"2022-06-21T04:06:11+00:00","twitter_card":"summary_large_image","schema":{"@context":"https:\/\/schema.org","@graph":[{"@type":"WebPage","@id":"https:\/\/reneaguirrephd.com\/es\/articulos-cientificos\/","url":"https:\/\/reneaguirrephd.com\/es\/articulos-cientificos\/","name":"Art\u00edculos Cient\u00edficos - Rene Aguirre, PhD","isPartOf":{"@id":"https:\/\/reneaguirrephd.com\/es\/#website"},"datePublished":"2022-05-27T01:38:11+00:00","dateModified":"2022-06-21T04:06:11+00:00","breadcrumb":{"@id":"https:\/\/reneaguirrephd.com\/es\/articulos-cientificos\/#breadcrumb"},"inLanguage":"es","potentialAction":[{"@type":"ReadAction","target":["https:\/\/reneaguirrephd.com\/es\/articulos-cientificos\/"]}]},{"@type":"BreadcrumbList","@id":"https:\/\/reneaguirrephd.com\/es\/articulos-cientificos\/#breadcrumb","itemListElement":[{"@type":"ListItem","position":1,"name":"Portada","item":"https:\/\/reneaguirrephd.com\/es\/"},{"@type":"ListItem","position":2,"name":"Art\u00edculos Cient\u00edficos"}]},{"@type":"WebSite","@id":"https:\/\/reneaguirrephd.com\/es\/#website","url":"https:\/\/reneaguirrephd.com\/es\/","name":"Rene Aguirre, PhD","description":"","publisher":{"@id":"https:\/\/reneaguirrephd.com\/es\/#organization"},"potentialAction":[{"@type":"SearchAction","target":{"@type":"EntryPoint","urlTemplate":"https:\/\/reneaguirrephd.com\/es\/?s={search_term_string}"},"query-input":{"@type":"PropertyValueSpecification","valueRequired":true,"valueName":"search_term_string"}}],"inLanguage":"es"},{"@type":"Organization","@id":"https:\/\/reneaguirrephd.com\/es\/#organization","name":"Rene Aguirre, PhD","url":"https:\/\/reneaguirrephd.com\/es\/","logo":{"@type":"ImageObject","inLanguage":"es","@id":"https:\/\/reneaguirrephd.com\/es\/#\/schema\/logo\/image\/","url":"https:\/\/reneaguirrephd.com\/es\/wp-content\/uploads\/2022\/01\/logo.png","contentUrl":"https:\/\/reneaguirrephd.com\/es\/wp-content\/uploads\/2022\/01\/logo.png","width":180,"height":172,"caption":"Rene Aguirre, PhD"},"image":{"@id":"https:\/\/reneaguirrephd.com\/es\/#\/schema\/logo\/image\/"}}]}},"_links":{"self":[{"href":"https:\/\/reneaguirrephd.com\/es\/wp-json\/wp\/v2\/pages\/1453","targetHints":{"allow":["GET"]}}],"collection":[{"href":"https:\/\/reneaguirrephd.com\/es\/wp-json\/wp\/v2\/pages"}],"about":[{"href":"https:\/\/reneaguirrephd.com\/es\/wp-json\/wp\/v2\/types\/page"}],"author":[{"embeddable":true,"href":"https:\/\/reneaguirrephd.com\/es\/wp-json\/wp\/v2\/users\/1"}],"replies":[{"embeddable":true,"href":"https:\/\/reneaguirrephd.com\/es\/wp-json\/wp\/v2\/comments?post=1453"}],"version-history":[{"count":8,"href":"https:\/\/reneaguirrephd.com\/es\/wp-json\/wp\/v2\/pages\/1453\/revisions"}],"predecessor-version":[{"id":2404,"href":"https:\/\/reneaguirrephd.com\/es\/wp-json\/wp\/v2\/pages\/1453\/revisions\/2404"}],"wp:attachment":[{"href":"https:\/\/reneaguirrephd.com\/es\/wp-json\/wp\/v2\/media?parent=1453"}],"curies":[{"name":"wp","href":"https:\/\/api.w.org\/{rel}","templated":true}]}}